{"id":7632,"date":"2020-02-19T14:23:56","date_gmt":"2020-02-19T14:23:56","guid":{"rendered":"https:\/\/actimeca.pt\/contacto-con-nosotros\/"},"modified":"2025-01-30T06:13:31","modified_gmt":"2025-01-30T06:13:31","slug":"contatos","status":"publish","type":"page","link":"https:\/\/actimeca.pt\/es\/contatos\/","title":{"rendered":"Contacte-nos"},"content":{"rendered":"\t\t<div data-elementor-type=\"wp-page\" data-elementor-id=\"7632\" class=\"elementor elementor-7632 elementor-2381\">\n\t\t\t\t\t\t\t\t\t<section class=\"elementor-section elementor-top-section elementor-element elementor-element-9f76ccd qodef-elementor-content-grid elementor-section-boxed elementor-section-height-default elementor-section-height-default\" data-id=\"9f76ccd\" data-element_type=\"section\">\n\t\t\t\t\t\t<div class=\"elementor-container elementor-column-gap-default\">\n\t\t\t\t\t<div class=\"elementor-column elementor-col-50 elementor-top-column elementor-element elementor-element-73c9add\" data-id=\"73c9add\" data-element_type=\"column\">\n\t\t\t<div class=\"elementor-widget-wrap elementor-element-populated\">\n\t\t\t\t\t\t\t\t<div class=\"elementor-element elementor-element-63e73e9 elementor-widget elementor-widget-stal_core_section_title\" data-id=\"63e73e9\" data-element_type=\"widget\" data-widget_type=\"stal_core_section_title.default\">\n\t\t\t\t<div class=\"elementor-widget-container\">\n\t\t\t<div class=\"qodef-shortcode qodef-m  qodef-section-title qodef-alignment--left  \">\n\t\t<div class=\"qodef-m-title-wrap\">\n\t\t<h3 class=\"qodef-m-title\" >\n\t\t\t\t\tActimeca - Actividades Metalomec\u00e2nicas Lda\t\t\t<\/h3>\n\t\n\t<\/div>\n\t<\/div>\t\t<\/div>\n\t\t\t\t<\/div>\n\t\t\t\t<section class=\"elementor-section elementor-inner-section elementor-element elementor-element-24e383b elementor-section-boxed elementor-section-height-default elementor-section-height-default qodef-elementor-content-no\" data-id=\"24e383b\" data-element_type=\"section\">\n\t\t\t\t\t\t<div class=\"elementor-container elementor-column-gap-default\">\n\t\t\t\t\t<div class=\"elementor-column elementor-col-100 elementor-inner-column elementor-element elementor-element-a6e8d7c\" data-id=\"a6e8d7c\" data-element_type=\"column\">\n\t\t\t<div class=\"elementor-widget-wrap elementor-element-populated\">\n\t\t\t\t\t\t\t\t<div class=\"elementor-element elementor-element-6f687bd elementor-widget elementor-widget-stal_core_icon_list_item\" data-id=\"6f687bd\" data-element_type=\"widget\" data-widget_type=\"stal_core_icon_list_item.default\">\n\t\t\t\t<div class=\"elementor-widget-container\">\n\t\t\t<div class=\"qodef-icon-list-item qodef-icon--icon-pack qodef-alignment--top\" >\n\t<p class=\"qodef-e-title\" style=\"line-height: 1.625em\">\n\t\t\t\t\t<a itemprop=\"url\" href=\"https:\/\/goo.gl\/maps\/FzKibYj3GmU9tMFh8\" target=\"_blank\">\n\t\t\t\t\t<span class=\"qodef-e-title-inner\">\n\t\t\t\t<span class=\"qodef-shortcode qodef-m  qodef-icon-holder qodef-size--default qodef-layout--square\"  style=\"width: 26px;height: 26px;line-height: 26px\">\t        <span class=\"qodef-icon-ionicons ion-ios-add qodef-icon qodef-e\" style=\"\" ><\/span>    <\/span>\t\t\t\t<span class=\"qodef-e-title-text\" style=\"top: -5px;position: relative\">SEDE<\/span>\n\t\t\t<\/span>\n\t\t\t\t\t<\/a>\n\t\t\t<\/p>\n<\/div>\t\t<\/div>\n\t\t\t\t<\/div>\n\t\t\t\t<div class=\"elementor-element elementor-element-1b6a5da elementor-widget elementor-widget-text-editor\" data-id=\"1b6a5da\" data-element_type=\"widget\" data-widget_type=\"text-editor.default\">\n\t\t\t\t<div class=\"elementor-widget-container\">\n\t\t\t<style>\/*! elementor - v3.8.0 - 30-10-2022 *\/\n.elementor-widget-text-editor.elementor-drop-cap-view-stacked .elementor-drop-cap{background-color:#818a91;color:#fff}.elementor-widget-text-editor.elementor-drop-cap-view-framed .elementor-drop-cap{color:#818a91;border:3px solid;background-color:transparent}.elementor-widget-text-editor:not(.elementor-drop-cap-view-default) .elementor-drop-cap{margin-top:8px}.elementor-widget-text-editor:not(.elementor-drop-cap-view-default) .elementor-drop-cap-letter{width:1em;height:1em}.elementor-widget-text-editor .elementor-drop-cap{float:left;text-align:center;line-height:1;font-size:50px}.elementor-widget-text-editor .elementor-drop-cap-letter{display:inline-block}<\/style>\t\t\t\t<p style=\"margin: 3px 0;\">PRACETA AGOSTINHO DA SILVA N\u00ba 5 A\u00a0 2910-730 SET\u00daBAL<\/p>\t\t\t\t\t\t<\/div>\n\t\t\t\t<\/div>\n\t\t\t\t\t<\/div>\n\t\t<\/div>\n\t\t\t\t\t\t\t<\/div>\n\t\t<\/section>\n\t\t\t\t<section class=\"elementor-section elementor-inner-section elementor-element elementor-element-5b9e903 elementor-section-boxed elementor-section-height-default elementor-section-height-default qodef-elementor-content-no\" data-id=\"5b9e903\" data-element_type=\"section\">\n\t\t\t\t\t\t<div class=\"elementor-container elementor-column-gap-default\">\n\t\t\t\t\t<div class=\"elementor-column elementor-col-100 elementor-inner-column elementor-element elementor-element-24ccb32\" data-id=\"24ccb32\" data-element_type=\"column\">\n\t\t\t<div class=\"elementor-widget-wrap elementor-element-populated\">\n\t\t\t\t\t\t\t\t<div class=\"elementor-element elementor-element-51c5da5 elementor-widget elementor-widget-stal_core_icon_list_item\" data-id=\"51c5da5\" data-element_type=\"widget\" data-widget_type=\"stal_core_icon_list_item.default\">\n\t\t\t\t<div class=\"elementor-widget-container\">\n\t\t\t<div class=\"qodef-icon-list-item qodef-icon--icon-pack qodef-alignment--top\" >\n\t<p class=\"qodef-e-title\" style=\"line-height: 1.625em\">\n\t\t\t\t\t<a itemprop=\"url\" href=\"https:\/\/goo.gl\/maps\/FzKibYj3GmU9tMFh8\" target=\"_blank\">\n\t\t\t\t\t<span class=\"qodef-e-title-inner\">\n\t\t\t\t<span class=\"qodef-shortcode qodef-m  qodef-icon-holder qodef-size--default qodef-layout--square\"  style=\"width: 26px;height: 26px;line-height: 26px\">\t        <span class=\"qodef-icon-ionicons ion-ios-add qodef-icon qodef-e\" style=\"\" ><\/span>    <\/span>\t\t\t\t<span class=\"qodef-e-title-text\" style=\"top: -5px;position: relative\">MORADA INDUSTRIAL<\/span>\n\t\t\t<\/span>\n\t\t\t\t\t<\/a>\n\t\t\t<\/p>\n<\/div>\t\t<\/div>\n\t\t\t\t<\/div>\n\t\t\t\t<div class=\"elementor-element elementor-element-074a64e elementor-widget elementor-widget-text-editor\" data-id=\"074a64e\" data-element_type=\"widget\" data-widget_type=\"text-editor.default\">\n\t\t\t\t<div class=\"elementor-widget-container\">\n\t\t\t\t\t\t\t<p>RUA ESTEIRO DO CARV\u00c3O LOTE 43<br \/>ZONA INDUSTRIAL DA MITRENA<br \/>2910-738 SET\u00daBAL<\/p>\t\t\t\t\t\t<\/div>\n\t\t\t\t<\/div>\n\t\t\t\t\t<\/div>\n\t\t<\/div>\n\t\t\t\t\t\t\t<\/div>\n\t\t<\/section>\n\t\t\t\t<section class=\"elementor-section elementor-inner-section elementor-element elementor-element-4d0f4f9 elementor-section-boxed elementor-section-height-default elementor-section-height-default qodef-elementor-content-no\" data-id=\"4d0f4f9\" data-element_type=\"section\">\n\t\t\t\t\t\t<div class=\"elementor-container elementor-column-gap-default\">\n\t\t\t\t\t<div class=\"elementor-column elementor-col-100 elementor-inner-column elementor-element elementor-element-03a7a83\" data-id=\"03a7a83\" data-element_type=\"column\">\n\t\t\t<div class=\"elementor-widget-wrap elementor-element-populated\">\n\t\t\t\t\t\t\t\t<div class=\"elementor-element elementor-element-45a53e1 elementor-widget elementor-widget-stal_core_icon_list_item\" data-id=\"45a53e1\" data-element_type=\"widget\" data-widget_type=\"stal_core_icon_list_item.default\">\n\t\t\t\t<div class=\"elementor-widget-container\">\n\t\t\t<div class=\"qodef-icon-list-item qodef-icon--icon-pack qodef-alignment--top\" >\n\t<p class=\"qodef-e-title\" style=\"line-height: 1.625em\">\n\t\t\t\t\t<a itemprop=\"url\" href=\"#\" target=\"_blank\">\n\t\t\t\t\t<span class=\"qodef-e-title-inner\">\n\t\t\t\t<span class=\"qodef-shortcode qodef-m  qodef-icon-holder qodef-size--default qodef-layout--square\"  style=\"width: 26px;height: 26px;line-height: 26px\">\t        <span class=\"qodef-icon-ionicons ion-ios-add qodef-icon qodef-e\" style=\"\" ><\/span>    <\/span>\t\t\t\t<span class=\"qodef-e-title-text\" style=\"top: -5px;position: relative\">NIF<\/span>\n\t\t\t<\/span>\n\t\t\t\t\t<\/a>\n\t\t\t<\/p>\n<\/div>\t\t<\/div>\n\t\t\t\t<\/div>\n\t\t\t\t<div class=\"elementor-element elementor-element-ca7bed1 elementor-widget elementor-widget-text-editor\" data-id=\"ca7bed1\" data-element_type=\"widget\" data-widget_type=\"text-editor.default\">\n\t\t\t\t<div class=\"elementor-widget-container\">\n\t\t\t\t\t\t\t<p style=\"margin: 3px 0;\">501 737 049<\/p>\t\t\t\t\t\t<\/div>\n\t\t\t\t<\/div>\n\t\t\t\t\t<\/div>\n\t\t<\/div>\n\t\t\t\t\t\t\t<\/div>\n\t\t<\/section>\n\t\t\t\t<section class=\"elementor-section elementor-inner-section elementor-element elementor-element-62f6524 elementor-section-boxed elementor-section-height-default elementor-section-height-default qodef-elementor-content-no\" data-id=\"62f6524\" data-element_type=\"section\">\n\t\t\t\t\t\t<div class=\"elementor-container elementor-column-gap-default\">\n\t\t\t\t\t<div class=\"elementor-column elementor-col-100 elementor-inner-column elementor-element elementor-element-b3c55bd\" data-id=\"b3c55bd\" data-element_type=\"column\">\n\t\t\t<div class=\"elementor-widget-wrap elementor-element-populated\">\n\t\t\t\t\t\t\t\t<div class=\"elementor-element elementor-element-f1d6e64 elementor-widget elementor-widget-stal_core_icon_list_item\" data-id=\"f1d6e64\" data-element_type=\"widget\" data-widget_type=\"stal_core_icon_list_item.default\">\n\t\t\t\t<div class=\"elementor-widget-container\">\n\t\t\t<div class=\"qodef-icon-list-item qodef-icon--icon-pack qodef-alignment--top\" >\n\t<p class=\"qodef-e-title\" style=\"line-height: 1.625em\">\n\t\t\t\t\t<a itemprop=\"url\" href=\"#\" target=\"_blank\">\n\t\t\t\t\t<span class=\"qodef-e-title-inner\">\n\t\t\t\t<span class=\"qodef-shortcode qodef-m  qodef-icon-holder qodef-size--default qodef-layout--square\"  style=\"width: 26px;height: 26px;line-height: 26px\">\t        <span class=\"qodef-icon-ionicons ion-ios-add qodef-icon qodef-e\" style=\"\" ><\/span>    <\/span>\t\t\t\t<span class=\"qodef-e-title-text\" style=\"top: -5px;position: relative\">EMAIL<\/span>\n\t\t\t<\/span>\n\t\t\t\t\t<\/a>\n\t\t\t<\/p>\n<\/div>\t\t<\/div>\n\t\t\t\t<\/div>\n\t\t\t\t<div class=\"elementor-element elementor-element-26dd58c elementor-widget elementor-widget-text-editor\" data-id=\"26dd58c\" data-element_type=\"widget\" data-widget_type=\"text-editor.default\">\n\t\t\t\t<div class=\"elementor-widget-container\">\n\t\t\t\t\t\t\t<p style=\"margin: 3px 0;\"><a class=\"qodef-gray-link\" href=\"mailto:producao@actimeca.pt\">producao@actimeca.pt<\/a><\/p>\t\t\t\t\t\t<\/div>\n\t\t\t\t<\/div>\n\t\t\t\t\t<\/div>\n\t\t<\/div>\n\t\t\t\t\t\t\t<\/div>\n\t\t<\/section>\n\t\t\t\t\t<\/div>\n\t\t<\/div>\n\t\t\t\t<div class=\"elementor-column elementor-col-50 elementor-top-column elementor-element elementor-element-9075c84\" data-id=\"9075c84\" data-element_type=\"column\" data-settings=\"{&quot;background_background&quot;:&quot;classic&quot;}\">\n\t\t\t<div class=\"elementor-widget-wrap elementor-element-populated\">\n\t\t\t\t\t\t\t\t<div class=\"elementor-element elementor-element-f57d019 elementor-widget elementor-widget-google_maps\" data-id=\"f57d019\" data-element_type=\"widget\" data-widget_type=\"google_maps.default\">\n\t\t\t\t<div class=\"elementor-widget-container\">\n\t\t\t<style>\/*! elementor - v3.8.0 - 30-10-2022 *\/\n.elementor-widget-google_maps .elementor-widget-container{overflow:hidden}.elementor-widget-google_maps iframe{height:300px}<\/style>\t\t<div class=\"elementor-custom-embed\">\n\t\t\t<iframe frameborder=\"0\" scrolling=\"no\" marginheight=\"0\" marginwidth=\"0\"\n\t\t\t\t\tsrc=\"https:\/\/maps.google.com\/maps?q=RUA%20ESTEIRO%20DO%20CARV%C3%83O%20LOTE%2043%20ZONA%20INDUSTRIAL%20DA%20MITRENA%202910-738%20SET%C3%9ABAL&#038;t=m&#038;z=10&#038;output=embed&#038;iwloc=near\"\n\t\t\t\t\ttitle=\"RUA ESTEIRO DO CARV\u00c3O LOTE 43 ZONA INDUSTRIAL DA MITRENA 2910-738 SET\u00daBAL\"\n\t\t\t\t\taria-label=\"RUA ESTEIRO DO CARV\u00c3O LOTE 43 ZONA INDUSTRIAL DA MITRENA 2910-738 SET\u00daBAL\"\n\t\t\t><\/iframe>\n\t\t<\/div>\n\t\t\t\t<\/div>\n\t\t\t\t<\/div>\n\t\t\t\t\t<\/div>\n\t\t<\/div>\n\t\t\t\t\t\t\t<\/div>\n\t\t<\/section>\n\t\t\t\t\t\t\t<\/div>\n\t\t","protected":false},"excerpt":{"rendered":"<p>Actimeca &#8211; Actividades Metalomec\u00e2nicas Lda SEDE PRACETA AGOSTINHO DA SILVA N\u00ba 5 A\u00a0 2910-730 SET\u00daBAL MORADA INDUSTRIAL RUA ESTEIRO DO CARV\u00c3O LOTE 43ZONA INDUSTRIAL DA MITRENA2910-738 SET\u00daBAL NIF 501 737 049 EMAIL producao@actimeca.pt<\/p>\n","protected":false},"author":1,"featured_media":0,"parent":0,"menu_order":0,"comment_status":"closed","ping_status":"closed","template":"page-full-width.php","meta":{"footnotes":""},"class_list":["post-7632","page","type-page","status-publish","hentry"],"_links":{"self":[{"href":"https:\/\/actimeca.pt\/es\/wp-json\/wp\/v2\/pages\/7632","targetHints":{"allow":["GET"]}}],"collection":[{"href":"https:\/\/actimeca.pt\/es\/wp-json\/wp\/v2\/pages"}],"about":[{"href":"https:\/\/actimeca.pt\/es\/wp-json\/wp\/v2\/types\/page"}],"author":[{"embeddable":true,"href":"https:\/\/actimeca.pt\/es\/wp-json\/wp\/v2\/users\/1"}],"replies":[{"embeddable":true,"href":"https:\/\/actimeca.pt\/es\/wp-json\/wp\/v2\/comments?post=7632"}],"version-history":[{"count":9,"href":"https:\/\/actimeca.pt\/es\/wp-json\/wp\/v2\/pages\/7632\/revisions"}],"predecessor-version":[{"id":7891,"href":"https:\/\/actimeca.pt\/es\/wp-json\/wp\/v2\/pages\/7632\/revisions\/7891"}],"wp:attachment":[{"href":"https:\/\/actimeca.pt\/es\/wp-json\/wp\/v2\/media?parent=7632"}],"curies":[{"name":"wp","href":"https:\/\/api.w.org\/{rel}","templated":true}]}}