{"id":7629,"date":"2020-02-20T12:12:52","date_gmt":"2020-02-20T12:12:52","guid":{"rendered":"https:\/\/actimeca.pt\/areas-de-negocio\/"},"modified":"2022-11-12T12:11:06","modified_gmt":"2022-11-12T12:11:06","slug":"areas-de-negocio","status":"publish","type":"page","link":"https:\/\/actimeca.pt\/es\/areas-de-negocio\/","title":{"rendered":"\u00c1reas de Neg\u00f3cio"},"content":{"rendered":"\t\t<div data-elementor-type=\"wp-page\" data-elementor-id=\"7629\" class=\"elementor elementor-7629 elementor-2591\">\n\t\t\t\t\t\t\t\t\t<section class=\"elementor-section elementor-top-section elementor-element elementor-element-1d07719 qodef-elementor-content-grid elementor-section-boxed elementor-section-height-default elementor-section-height-default\" data-id=\"1d07719\" data-element_type=\"section\">\n\t\t\t\t\t\t<div class=\"elementor-container elementor-column-gap-default\">\n\t\t\t\t\t<div class=\"elementor-column elementor-col-100 elementor-top-column elementor-element elementor-element-25d55c5\" data-id=\"25d55c5\" data-element_type=\"column\">\n\t\t\t<div class=\"elementor-widget-wrap elementor-element-populated\">\n\t\t\t\t\t\t\t\t<div class=\"elementor-element elementor-element-8f89a05 elementor-widget elementor-widget-stal_core_section_title\" data-id=\"8f89a05\" data-element_type=\"widget\" data-widget_type=\"stal_core_section_title.default\">\n\t\t\t\t<div class=\"elementor-widget-container\">\n\t\t\t<div class=\"qodef-shortcode qodef-m  qodef-section-title qodef-alignment--left  qodef-title-with-tagline\">\n\t\t<div class=\"qodef-m-title-wrap\">\n\t        <h6 class=\"qodef-m-title-tagline\" >ACTIMECA<\/h6>\n    \t<h2 class=\"qodef-m-title\" >\n\t\t\t\t\tSoluciones t\u00e9cnicas ajustadas a las necesidades de los siguientes sectores de actividad\t\t\t<\/h2>\n\t\n\t<\/div>\n\t\t<p class=\"qodef-m-text\" style=\"font-size: 19px;line-height: 30px\">\u00a1Cont\u00e1ctenos! Nuestras soluciones t\u00e9cnicas pueden ayudar a satisfacer sus necesidades.\n\n<\/p>\n<\/div>\t\t<\/div>\n\t\t\t\t<\/div>\n\t\t\t\t\t<\/div>\n\t\t<\/div>\n\t\t\t\t\t\t\t<\/div>\n\t\t<\/section>\n\t\t\t\t<section class=\"elementor-section elementor-top-section elementor-element elementor-element-ebd3287 qodef-elementor-content-grid elementor-section-boxed elementor-section-height-default elementor-section-height-default\" data-id=\"ebd3287\" data-element_type=\"section\">\n\t\t\t\t\t\t<div class=\"elementor-container elementor-column-gap-default\">\n\t\t\t\t\t<div class=\"elementor-column elementor-col-33 elementor-top-column elementor-element elementor-element-f0ca19e\" data-id=\"f0ca19e\" data-element_type=\"column\" data-settings=\"{&quot;background_background&quot;:&quot;classic&quot;}\">\n\t\t\t<div class=\"elementor-widget-wrap elementor-element-populated\">\n\t\t\t\t\t\t\t\t<div class=\"elementor-element elementor-element-c6cc88c elementor-widget elementor-widget-stal_core_icon_with_text\" data-id=\"c6cc88c\" data-element_type=\"widget\" data-widget_type=\"stal_core_icon_with_text.default\">\n\t\t\t\t<div class=\"elementor-widget-container\">\n\t\t\t<div class=\"qodef-shortcode qodef-m  qodef-icon-with-text qodef-layout--top  qodef--custom-icon  qodef-alignment--left\" >\n\t<div class=\"qodef-m-icon-wrapper\">\n\t\t\t<\/div>\n\t<div class=\"qodef-m-content\">\n\t\t\t<h4 class=\"qodef-m-title\" >\n\t\t\t\t\t<span class=\"qodef-m-title-text\">Construcci\u00f3n naval (Construcci\u00f3n y Reparaci\u00f3n)<\/span>\n\t\t\t<\/h4>\n\t\t\t<p class=\"qodef-m-text\" >Brindamos servicios de calidad a la industria naval. Con talleres totalmente equipados y trabajadores cualificados (ingenieros, montadores, tubistas, mec\u00e1nicos y soldadores).<\/p>\n\t<\/div>\n<\/div>\t\t<\/div>\n\t\t\t\t<\/div>\n\t\t\t\t\t<\/div>\n\t\t<\/div>\n\t\t\t\t<div class=\"elementor-column elementor-col-33 elementor-top-column elementor-element elementor-element-8aff1b6\" data-id=\"8aff1b6\" data-element_type=\"column\" data-settings=\"{&quot;background_background&quot;:&quot;classic&quot;}\">\n\t\t\t<div class=\"elementor-widget-wrap elementor-element-populated\">\n\t\t\t\t\t\t\t\t<div class=\"elementor-element elementor-element-b47b60f elementor-widget elementor-widget-stal_core_icon_with_text\" data-id=\"b47b60f\" data-element_type=\"widget\" data-widget_type=\"stal_core_icon_with_text.default\">\n\t\t\t\t<div class=\"elementor-widget-container\">\n\t\t\t<div class=\"qodef-shortcode qodef-m  qodef-icon-with-text qodef-layout--top  qodef--custom-icon  qodef-alignment--left\" >\n\t<div class=\"qodef-m-icon-wrapper\">\n\t\t\t<\/div>\n\t<div class=\"qodef-m-content\">\n\t\t\t<h4 class=\"qodef-m-title\" >\n\t\t\t\t\t<span class=\"qodef-m-title-text\">Energias renovables<\/span>\n\t\t\t<\/h4>\n\t\t\t<p class=\"qodef-m-text\" >Nuestras soluciones se adaptan a las necesidades de cada proyecto de\ninstalaci\u00f3n y mantenimiento.\n<\/p>\n\t<\/div>\n<\/div>\t\t<\/div>\n\t\t\t\t<\/div>\n\t\t\t\t\t<\/div>\n\t\t<\/div>\n\t\t\t\t<div class=\"elementor-column elementor-col-33 elementor-top-column elementor-element elementor-element-14e5596\" data-id=\"14e5596\" data-element_type=\"column\" data-settings=\"{&quot;background_background&quot;:&quot;classic&quot;}\">\n\t\t\t<div class=\"elementor-widget-wrap elementor-element-populated\">\n\t\t\t\t\t\t\t\t<div class=\"elementor-element elementor-element-7df2706 elementor-widget elementor-widget-stal_core_icon_with_text\" data-id=\"7df2706\" data-element_type=\"widget\" data-widget_type=\"stal_core_icon_with_text.default\">\n\t\t\t\t<div class=\"elementor-widget-container\">\n\t\t\t<div class=\"qodef-shortcode qodef-m  qodef-icon-with-text qodef-layout--top  qodef--custom-icon  qodef-alignment--left\" >\n\t<div class=\"qodef-m-icon-wrapper\">\n\t\t\t<\/div>\n\t<div class=\"qodef-m-content\">\n\t\t\t<h4 class=\"qodef-m-title\" >\n\t\t\t\t\t<span class=\"qodef-m-title-text\">Construcciones metalmec\u00e1nicas<\/span>\n\t\t\t<\/h4>\n\t\t\t<p class=\"qodef-m-text\" >Somos una empresa conformada por profesionales experimentados en el campo de la metalmec\u00e1nica que ha tenido un r\u00e1pido y s\u00f3lido crecimiento en los \u00faltimos a\u00f1os, especializ\u00e1ndonos en diversas \u00e1reas de negocio.<\/p>\n\t<\/div>\n<\/div>\t\t<\/div>\n\t\t\t\t<\/div>\n\t\t\t\t\t<\/div>\n\t\t<\/div>\n\t\t\t\t\t\t\t<\/div>\n\t\t<\/section>\n\t\t\t\t<section class=\"elementor-section elementor-top-section elementor-element elementor-element-8689569 elementor-section-full_width elementor-section-height-default elementor-section-height-default qodef-elementor-content-no\" data-id=\"8689569\" data-element_type=\"section\">\n\t\t\t\t\t\t<div class=\"elementor-container elementor-column-gap-default\">\n\t\t\t\t\t<div class=\"elementor-column elementor-col-100 elementor-top-column elementor-element elementor-element-159dc36\" data-id=\"159dc36\" data-element_type=\"column\">\n\t\t\t<div class=\"elementor-widget-wrap elementor-element-populated\">\n\t\t\t\t\t\t\t\t<div class=\"elementor-element elementor-element-f389f5d elementor-widget elementor-widget-stal_core_holder_with_image\" data-id=\"f389f5d\" data-element_type=\"widget\" data-widget_type=\"stal_core_holder_with_image.default\">\n\t\t\t\t<div class=\"elementor-widget-container\">\n\t\t\t<div class=\"qodef-shortcode qodef-m  qodef-holder-with-image qodef-layout--image-right qodef-disable-below--1024 qodef-appear-animation-enabled--no\" >\n\t<div class=\"qodef-m-inner\">\n\t\t<div class=\"qodef-m-content\" style=\"padding: 4% 0% 5% 16%;width: 60%;margin-right: 40%\">\n\t\t\t<div data-elementor-type=\"section\" data-elementor-id=\"7759\" class=\"elementor elementor-7759 elementor-181\">\n\t\t\t\t\t\t\t\t<section class=\"elementor-section elementor-top-section elementor-element elementor-element-df80563 qodef-elementor-content-grid elementor-section-full_width elementor-section-height-default elementor-section-height-default\" data-id=\"df80563\" data-element_type=\"section\">\n\t\t\t\t\t\t<div class=\"elementor-container elementor-column-gap-default\">\n\t\t\t\t\t<div class=\"elementor-column elementor-col-50 elementor-top-column elementor-element elementor-element-8edbea5\" data-id=\"8edbea5\" data-element_type=\"column\">\n\t\t\t<div class=\"elementor-widget-wrap elementor-element-populated\">\n\t\t\t\t\t\t\t\t<div class=\"elementor-element elementor-element-a4df636 elementor-widget__width-inherit elementor-widget elementor-widget-stal_core_section_title\" data-id=\"a4df636\" data-element_type=\"widget\" data-widget_type=\"stal_core_section_title.default\">\n\t\t\t\t<div class=\"elementor-widget-container\">\n\t\t\t<div class=\"qodef-shortcode qodef-m  qodef-section-title qodef-alignment--left  qodef-title-with-tagline\">\n\t\t<div class=\"qodef-m-title-wrap\">\n\t        <h6 class=\"qodef-m-title-tagline\" >CALIDAD <\/h6>\n    \t<h2 class=\"qodef-m-title\" >\n\t\t\t\t\tInvertimos mucho en el desarrollo de nuevas soluciones t\u00e9cnicas\t\t\t<\/h2>\n\t\n\t<\/div>\n\t\t<p class=\"qodef-m-text\" style=\"margin-top: 20px;font-size: 19px;line-height: 30px\">Actimeca apuesta decididamente por la mejora continua de sus procesos y el desarrollo de nuevas soluciones t\u00e9cnicas adaptadas a las necesidades de sus clientes. Actimeca tiene implantado un Sistema de Gesti\u00f3n de la Calidad que garantiza la ejecuci\u00f3n de su trabajo.\n<\/p>\n<\/div>\t\t<\/div>\n\t\t\t\t<\/div>\n\t\t\t\t\t<\/div>\n\t\t<\/div>\n\t\t\t\t<div class=\"elementor-column elementor-col-50 elementor-top-column elementor-element elementor-element-d280105\" data-id=\"d280105\" data-element_type=\"column\">\n\t\t\t<div class=\"elementor-widget-wrap\">\n\t\t\t\t\t\t\t\t\t<\/div>\n\t\t<\/div>\n\t\t\t\t\t\t\t<\/div>\n\t\t<\/section>\n\t\t\t\t\t\t<\/div>\n\t\t<\/div>\n\t\t<img decoding=\"async\" class=\"qodef-m-image\" src=\"https:\/\/actimeca.pt\/wp-content\/uploads\/2022\/03\/Foto-7-1.jpg\" alt=\"\"  \/>\t<\/div>\n<\/div>\t\t<\/div>\n\t\t\t\t<\/div>\n\t\t\t\t\t<\/div>\n\t\t<\/div>\n\t\t\t\t\t\t\t<\/div>\n\t\t<\/section>\n\t\t\t\t\t\t\t<\/div>\n\t\t","protected":false},"excerpt":{"rendered":"<p>ACTIMECA Soluciones t\u00e9cnicas ajustadas a las necesidades de los siguientes sectores de actividad \u00a1Cont\u00e1ctenos! Nuestras soluciones t\u00e9cnicas pueden ayudar a satisfacer sus necesidades. Construcci\u00f3n naval (Construcci\u00f3n y Reparaci\u00f3n) Brindamos servicios de calidad a la industria naval. Con talleres totalmente equipados y trabajadores cualificados (ingenieros, montadores, tubistas, mec\u00e1nicos y soldadores). Energias renovables Nuestras soluciones se adaptan [&hellip;]<\/p>\n","protected":false},"author":1,"featured_media":0,"parent":0,"menu_order":0,"comment_status":"closed","ping_status":"closed","template":"page-full-width.php","meta":{"footnotes":""},"class_list":["post-7629","page","type-page","status-publish","hentry"],"_links":{"self":[{"href":"https:\/\/actimeca.pt\/es\/wp-json\/wp\/v2\/pages\/7629","targetHints":{"allow":["GET"]}}],"collection":[{"href":"https:\/\/actimeca.pt\/es\/wp-json\/wp\/v2\/pages"}],"about":[{"href":"https:\/\/actimeca.pt\/es\/wp-json\/wp\/v2\/types\/page"}],"author":[{"embeddable":true,"href":"https:\/\/actimeca.pt\/es\/wp-json\/wp\/v2\/users\/1"}],"replies":[{"embeddable":true,"href":"https:\/\/actimeca.pt\/es\/wp-json\/wp\/v2\/comments?post=7629"}],"version-history":[{"count":12,"href":"https:\/\/actimeca.pt\/es\/wp-json\/wp\/v2\/pages\/7629\/revisions"}],"predecessor-version":[{"id":7767,"href":"https:\/\/actimeca.pt\/es\/wp-json\/wp\/v2\/pages\/7629\/revisions\/7767"}],"wp:attachment":[{"href":"https:\/\/actimeca.pt\/es\/wp-json\/wp\/v2\/media?parent=7629"}],"curies":[{"name":"wp","href":"https:\/\/api.w.org\/{rel}","templated":true}]}}